{"id":19,"date":"2026-05-10T01:20:10","date_gmt":"2026-05-10T01:20:10","guid":{"rendered":"https:\/\/evrakofisi.com\/?page_id=19"},"modified":"2026-05-10T12:04:46","modified_gmt":"2026-05-10T12:04:46","slug":"hizmetler","status":"publish","type":"page","link":"https:\/\/evrakofisi.com\/?page_id=19","title":{"rendered":"H\u0130ZMETLER"},"content":{"rendered":"<div class=\"wp-block-columns is-layout-flex wp-container-core-columns-is-layout-9d6595d7 wp-block-columns-is-layout-flex\"><div class=\"wp-block-column is-layout-flow wp-block-column-is-layout-flow\"><h3 class=\"wp-block-heading has-text-color\" style=\"color:#1a1a2e;border-bottom:2px solid #1a1a2e;padding-bottom:8px;margin-bottom:12px\">\u2696\ufe0f Hukuki Hizmetler<\/h3><div class=\"wp-block-group\" style=\"border:1px solid #ececec;border-radius:8px;padding:8px 11px;margin-bottom:5px\"><div class=\"wp-block-group__inner-container is-layout-constrained wp-container-core-group-is-layout-71d6f75c wp-block-group-is-layout-constrained\"><h5 class=\"wp-block-heading\">\ud83d\udc68\u200d\ud83d\udc69\u200d\ud83d\udc67 Bo\u015fanma ve Aile Hukuku<\/h5><p>Bo\u015fanma, velayet, nafaka ve mal payla\u015f\u0131m\u0131 uyu\u015fmazl\u0131klar\u0131nda destek.<\/p><\/div><\/div><div class=\"wp-block-group\" style=\"border:1px solid #ececec;border-radius:8px;padding:8px 11px;margin-bottom:5px\"><div class=\"wp-block-group__inner-container is-layout-constrained wp-container-core-group-is-layout-71d6f75c wp-block-group-is-layout-constrained\"><h5 class=\"wp-block-heading\">\ud83d\udd12 Ceza Hukuku<\/h5><p>Soru\u015fturma, savunma, su\u00e7 duyurusu ve ifade s\u00fcre\u00e7lerinde dan\u0131\u015fmanl\u0131k.<\/p><\/div><\/div><div class=\"wp-block-group\" style=\"border:1px solid #ececec;border-radius:8px;padding:8px 11px;margin-bottom:5px\"><div class=\"wp-block-group__inner-container is-layout-constrained wp-container-core-group-is-layout-71d6f75c wp-block-group-is-layout-constrained\"><h5 class=\"wp-block-heading\">\ud83d\udcbc \u0130\u015f Hukuku<\/h5><p>\u0130\u015fe iade, i\u015f\u00e7i alacaklar\u0131, mobbing ve tazminat s\u00fcre\u00e7lerinde destek.<\/p><\/div><\/div><div class=\"wp-block-group\" style=\"border:1px solid #ececec;border-radius:8px;padding:8px 11px;margin-bottom:5px\"><div class=\"wp-block-group__inner-container is-layout-constrained wp-container-core-group-is-layout-71d6f75c wp-block-group-is-layout-constrained\"><h5 class=\"wp-block-heading\">\ud83d\udccb \u0130cra ve Alacak Takibi<\/h5><p>Alacak tahsili, icra takip ve haciz s\u00fcre\u00e7lerinde \u00e7\u00f6z\u00fcmler.<\/p><\/div><\/div><div class=\"wp-block-group\" style=\"border:1px solid #ececec;border-radius:8px;padding:8px 11px;margin-bottom:5px\"><div class=\"wp-block-group__inner-container is-layout-constrained wp-container-core-group-is-layout-71d6f75c wp-block-group-is-layout-constrained\"><h5 class=\"wp-block-heading\">\ud83c\udfe0 Kira ve Gayrimenkul<\/h5><p>Tahliye, kira uyu\u015fmazl\u0131klar\u0131 ve tapu i\u015flemlerinde dan\u0131\u015fmanl\u0131k.<\/p><\/div><\/div><\/div><div class=\"wp-block-column is-layout-flow wp-block-column-is-layout-flow\"><h3 class=\"wp-block-heading has-text-color\" style=\"color:#1a1a2e;border-bottom:2px solid #1a1a2e;padding-bottom:8px;margin-bottom:12px\">\u2696\ufe0f Hukuki Hizmetler<\/h3><div class=\"wp-block-group\" style=\"border:1px solid #ececec;border-radius:8px;padding:8px 11px;margin-bottom:5px\"><div class=\"wp-block-group__inner-container is-layout-constrained wp-container-core-group-is-layout-71d6f75c wp-block-group-is-layout-constrained\"><h5 class=\"wp-block-heading\">\ud83d\udcdc Miras Hukuku<\/h5><p>Miras payla\u015f\u0131m\u0131, vasiyetname ve ortakl\u0131k giderme s\u00fcre\u00e7lerinde destek.<\/p><\/div><\/div><div class=\"wp-block-group\" style=\"border:1px solid #ececec;border-radius:8px;padding:8px 11px;margin-bottom:5px\"><div class=\"wp-block-group__inner-container is-layout-constrained wp-container-core-group-is-layout-71d6f75c wp-block-group-is-layout-constrained\"><h5 class=\"wp-block-heading\">\u26a0\ufe0f Tazminat Hukuku<\/h5><p>Trafik ve i\u015f kazalar\u0131, maddi ve manevi tazminat davalar\u0131nda destek.<\/p><\/div><\/div><div class=\"wp-block-group\" style=\"border:1px solid #ececec;border-radius:8px;padding:8px 11px;margin-bottom:5px\"><div class=\"wp-block-group__inner-container is-layout-constrained wp-container-core-group-is-layout-71d6f75c wp-block-group-is-layout-constrained\"><h5 class=\"wp-block-heading\">\ud83d\uded2 T\u00fcketici Hukuku<\/h5><p>Ay\u0131pl\u0131 \u00fcr\u00fcn, hizmet uyu\u015fmazl\u0131klar\u0131 ve t\u00fcketici haklar\u0131nda dan\u0131\u015fmanl\u0131k.<\/p><\/div><\/div><div class=\"wp-block-group\" style=\"border:1px solid #ececec;border-radius:8px;padding:8px 11px;margin-bottom:5px\"><div class=\"wp-block-group__inner-container is-layout-constrained wp-container-core-group-is-layout-71d6f75c wp-block-group-is-layout-constrained\"><h5 class=\"wp-block-heading\">\ud83c\udfe2 \u015eirketler ve Ticaret<\/h5><p>\u015eirket kurulu\u015fu, s\u00f6zle\u015fme ve ticari uyu\u015fmazl\u0131k s\u00fcre\u00e7 y\u00f6netimi.<\/p><\/div><\/div><div class=\"wp-block-group\" style=\"border:1px solid #ececec;border-radius:8px;padding:8px 11px;margin-bottom:5px\"><div class=\"wp-block-group__inner-container is-layout-constrained wp-container-core-group-is-layout-71d6f75c wp-block-group-is-layout-constrained\"><h5 class=\"wp-block-heading\">\ud83d\udcbb Bili\u015fim ve \u0130nternet<\/h5><p>Sosyal medya, ki\u015fisel veriler ve dijital faaliyetlerde hukuki destek.<\/p><\/div><\/div><\/div><div class=\"wp-block-column is-layout-flow wp-block-column-is-layout-flow\"><h3 class=\"wp-block-heading has-text-color\" style=\"color:#1a1a2e;border-bottom:2px solid #1a1a2e;padding-bottom:8px;margin-bottom:12px\">\u2696\ufe0f Hukuki Hizmetler<\/h3><div class=\"wp-block-group\" style=\"border:1px solid #ececec;border-radius:8px;padding:8px 11px;margin-bottom:5px\"><div class=\"wp-block-group__inner-container is-layout-constrained wp-container-core-group-is-layout-71d6f75c wp-block-group-is-layout-constrained\"><h5 class=\"wp-block-heading\">\ud83c\udfd7\ufe0f Kurumsal Dan\u0131\u015fmanl\u0131k<\/h5><p>S\u00f6zle\u015fme kontrol\u00fc, ihtarname ve ticari risklerin \u00f6nlenmesinde destek.<\/p><\/div><\/div><div class=\"wp-block-group\" style=\"border:1px solid #ececec;border-radius:8px;padding:8px 11px;margin-bottom:5px\"><div class=\"wp-block-group__inner-container is-layout-constrained wp-container-core-group-is-layout-71d6f75c wp-block-group-is-layout-constrained\"><h5 class=\"wp-block-heading\">\ud83d\udecd\ufe0f E-Ticaret ve Dijital<\/h5><p>KVKK, mesafeli sat\u0131\u015f s\u00f6zle\u015fmeleri ve dijital platform hukuku.<\/p><\/div><\/div><div class=\"wp-block-group\" style=\"border:1px solid #ececec;border-radius:8px;padding:8px 11px;margin-bottom:5px\"><div class=\"wp-block-group__inner-container is-layout-constrained wp-container-core-group-is-layout-71d6f75c wp-block-group-is-layout-constrained\"><h5 class=\"wp-block-heading\">\ud83d\ude80 Start-Up ve Giri\u015fimler<\/h5><p>Ortakl\u0131k yap\u0131s\u0131, marka korumas\u0131 ve yat\u0131r\u0131m s\u00fcre\u00e7lerinde dan\u0131\u015fmanl\u0131k.<\/p><\/div><\/div><div class=\"wp-block-group\" style=\"border:1px solid #ececec;border-radius:8px;padding:8px 11px;margin-bottom:5px\"><div class=\"wp-block-group__inner-container is-layout-constrained wp-container-core-group-is-layout-71d6f75c wp-block-group-is-layout-constrained\"><h5 class=\"wp-block-heading\">\ud83e\uddfe Esnaf ve KOB\u0130<\/h5><p>G\u00fcnl\u00fck ticari risklerin y\u00f6netimi ve s\u00fcre\u00e7lerin g\u00fcvenli y\u00fcr\u00fct\u00fclmesi.<\/p><\/div><\/div><div class=\"wp-block-group\" style=\"border:1px solid #ececec;border-radius:8px;padding:8px 11px;margin-bottom:5px\"><div class=\"wp-block-group__inner-container is-layout-constrained wp-container-core-group-is-layout-71d6f75c wp-block-group-is-layout-constrained\"><h5 class=\"wp-block-heading\">\ud83c\udfd8\ufe0f Apartman ve Site Y\u00f6n.<\/h5><p>Aidat tahsili, kat malikleri uyu\u015fmazl\u0131klar\u0131 ve icra i\u015flemlerinde destek.<\/p><\/div><\/div><\/div><div class=\"wp-block-column is-layout-flow wp-block-column-is-layout-flow\"><h3 class=\"wp-block-heading has-text-color\" style=\"color:#1a1a2e;border-bottom:2px solid #1a1a2e;padding-bottom:8px;margin-bottom:12px\">\u2696\ufe0f Hukuki Hizmetler<\/h3><div class=\"wp-block-group\" style=\"border:1px solid #ececec;border-radius:8px;padding:8px 11px;margin-bottom:5px\"><div class=\"wp-block-group__inner-container is-layout-constrained wp-container-core-group-is-layout-71d6f75c wp-block-group-is-layout-constrained\"><h5 class=\"wp-block-heading\">\ud83c\udfdb\ufe0f \u0130dari \u0130\u015flem \u0130ptali<\/h5><p>Hukuka ayk\u0131r\u0131 idari ve kamu kurumu kararlar\u0131na kar\u015f\u0131 iptal davalar\u0131.<\/p><\/div><\/div><div class=\"wp-block-group\" style=\"border:1px solid #ececec;border-radius:8px;padding:8px 11px;margin-bottom:5px\"><div class=\"wp-block-group__inner-container is-layout-constrained wp-container-core-group-is-layout-71d6f75c wp-block-group-is-layout-constrained\"><h5 class=\"wp-block-heading\">\ud83d\udcd1 Ruhsat ve \u0130zin<\/h5><p>\u0130n\u015faat, i\u015fyeri ve faaliyet ruhsat\u0131 ret kararlar\u0131na itiraz s\u00fcre\u00e7leri.<\/p><\/div><\/div><div class=\"wp-block-group\" style=\"border:1px solid #ececec;border-radius:8px;padding:8px 11px;margin-bottom:5px\"><div class=\"wp-block-group__inner-container is-layout-constrained wp-container-core-group-is-layout-71d6f75c wp-block-group-is-layout-constrained\"><h5 class=\"wp-block-heading\">\ud83c\udfd7\ufe0f Kamula\u015ft\u0131rma<\/h5><p>Kamula\u015ft\u0131rma i\u015flemlerine itiraz ve bedel art\u0131r\u0131m davalar\u0131.<\/p><\/div><\/div><div class=\"wp-block-group\" style=\"border:1px solid #ececec;border-radius:8px;padding:8px 11px;margin-bottom:5px\"><div class=\"wp-block-group__inner-container is-layout-constrained wp-container-core-group-is-layout-71d6f75c wp-block-group-is-layout-constrained\"><h5 class=\"wp-block-heading\">\ud83d\udc68\u200d\ud83d\udcbc Disiplin ve Memur<\/h5><p>Kamu g\u00f6revlilerine disiplin cezalar\u0131 ve g\u00f6revden alma itirazlar\u0131.<\/p><\/div><\/div><div class=\"wp-block-group\" style=\"border:1px solid #ececec;border-radius:8px;padding:8px 11px;margin-bottom:5px\"><div class=\"wp-block-group__inner-container is-layout-constrained wp-container-core-group-is-layout-71d6f75c wp-block-group-is-layout-constrained\"><h5 class=\"wp-block-heading\">\ud83c\udfe5 Sosyal G\u00fcvenlik<\/h5><p>SGK uyu\u015fmazl\u0131klar\u0131, emeklilik ve prim itirazlar\u0131nda dan\u0131\u015fmanl\u0131k.<\/p><\/div><\/div><\/div><div class=\"wp-block-column is-layout-flow wp-block-column-is-layout-flow\"><h3 class=\"wp-block-heading has-text-color\" style=\"color:#1a1a2e;border-bottom:2px solid #1a1a2e;padding-bottom:8px;margin-bottom:12px\">\u2696\ufe0f Hukuki Hizmetler<\/h3><div class=\"wp-block-group\" style=\"border:1px solid #ececec;border-radius:8px;padding:8px 11px;margin-bottom:5px\"><div class=\"wp-block-group__inner-container is-layout-constrained wp-container-core-group-is-layout-71d6f75c wp-block-group-is-layout-constrained\"><h5 class=\"wp-block-heading\">\ud83d\udcca Vergi Hukuku<\/h5><p>Vergi itirazlar\u0131, cezalar, uzla\u015fma ve vergi mahkemesi davalar\u0131.<\/p><\/div><\/div><div class=\"wp-block-group\" style=\"border:1px solid #ececec;border-radius:8px;padding:8px 11px;margin-bottom:5px\"><div class=\"wp-block-group__inner-container is-layout-constrained wp-container-core-group-is-layout-71d6f75c wp-block-group-is-layout-constrained\"><h5 class=\"wp-block-heading\">\ud83c\udf3f \u00c7evre ve \u0130mar<\/h5><p>\u0130mar plan\u0131 itirazlar\u0131, \u00e7evre cezalar\u0131 ve yap\u0131 ruhsat\u0131 uyu\u015fmazl\u0131klar\u0131.<\/p><\/div><\/div><div class=\"wp-block-group\" style=\"border:1px solid #ececec;border-radius:8px;padding:8px 11px;margin-bottom:5px\"><div class=\"wp-block-group__inner-container is-layout-constrained wp-container-core-group-is-layout-71d6f75c wp-block-group-is-layout-constrained\"><h5 class=\"wp-block-heading\">\ud83d\udce3 \u0130hale Hukuku<\/h5><p>Kamu ihale s\u00fcre\u00e7lerinde itiraz, \u015fikayet ve iptal davalar\u0131nda dan\u0131\u015fmanl\u0131k.<\/p><\/div><\/div><div class=\"wp-block-group\" style=\"border:1px solid #ececec;border-radius:8px;padding:8px 11px;margin-bottom:5px\"><div class=\"wp-block-group__inner-container is-layout-constrained wp-container-core-group-is-layout-71d6f75c wp-block-group-is-layout-constrained\"><h5 class=\"wp-block-heading\">\ud83c\udf0d Yabanc\u0131lar ve Vatanda\u015fl\u0131k<\/h5><p>Oturma, \u00e7al\u0131\u015fma izni ve vatanda\u015fl\u0131k ba\u015fvurular\u0131nda hukuki destek.<\/p><\/div><\/div><div class=\"wp-block-group\" style=\"border:1px solid #ececec;border-radius:8px;padding:8px 11px;margin-bottom:5px\"><div class=\"wp-block-group__inner-container is-layout-constrained wp-container-core-group-is-layout-71d6f75c wp-block-group-is-layout-constrained\"><h5 class=\"wp-block-heading\">\ud83d\ude24 Ki\u015filik Haklar\u0131<\/h5><p>Onur, \u015feref ihlalleri ve sosyal medya hakaret davalar\u0131nda koruma.<\/p><\/div><\/div><\/div><div class=\"wp-block-column is-layout-flow wp-block-column-is-layout-flow\"><h3 class=\"wp-block-heading has-text-color\" style=\"color:#1a1a2e;border-bottom:2px solid #1a1a2e;padding-bottom:8px;margin-bottom:12px\">\u2696\ufe0f Hukuki Hizmetler<\/h3><div class=\"wp-block-group\" style=\"border:1px solid #ececec;border-radius:8px;padding:8px 11px;margin-bottom:5px\"><div class=\"wp-block-group__inner-container is-layout-constrained wp-container-core-group-is-layout-71d6f75c wp-block-group-is-layout-constrained\"><h5 class=\"wp-block-heading\">\u267f Engelli ve Hasta Haklar\u0131<\/h5><p>Ayr\u0131mc\u0131l\u0131k ve sa\u011fl\u0131k hizmetlerine eri\u015fim uyu\u015fmazl\u0131klar\u0131nda destek.<\/p><\/div><\/div><div class=\"wp-block-group\" style=\"border:1px solid #ececec;border-radius:8px;padding:8px 11px;margin-bottom:5px\"><div class=\"wp-block-group__inner-container is-layout-constrained wp-container-core-group-is-layout-71d6f75c wp-block-group-is-layout-constrained\"><h5 class=\"wp-block-heading\">\u2122\ufe0f Fikri M\u00fclkiyet ve Marka<\/h5><p>Marka tescili, patent, telif hakk\u0131 ve ihlallere kar\u015f\u0131 koruma.<\/p><\/div><\/div><div class=\"wp-block-group\" style=\"border:1px solid #ececec;border-radius:8px;padding:8px 11px;margin-bottom:5px\"><div class=\"wp-block-group__inner-container is-layout-constrained wp-container-core-group-is-layout-71d6f75c wp-block-group-is-layout-constrained\"><h5 class=\"wp-block-heading\">\u26a1 Rekabet Hukuku<\/h5><p>Haks\u0131z rekabet, kartel uyu\u015fmazl\u0131klar\u0131 ve piyasa ihlallerinde dan\u0131\u015fmanl\u0131k.<\/p><\/div><\/div><div class=\"wp-block-group\" style=\"border:1px solid #ececec;border-radius:8px;padding:8px 11px;margin-bottom:5px\"><div class=\"wp-block-group__inner-container is-layout-constrained wp-container-core-group-is-layout-71d6f75c wp-block-group-is-layout-constrained\"><h5 class=\"wp-block-heading\">\ud83d\udcc4 Franchising ve Lisans<\/h5><p>Franchise s\u00f6zle\u015fmeleri, lisans anla\u015fmalar\u0131 ve bayilik uyu\u015fmazl\u0131klar\u0131.<\/p><\/div><\/div><div class=\"wp-block-group\" style=\"border:1px solid #ececec;border-radius:8px;padding:8px 11px;margin-bottom:5px\"><div class=\"wp-block-group__inner-container is-layout-constrained wp-container-core-group-is-layout-71d6f75c wp-block-group-is-layout-constrained\"><h5 class=\"wp-block-heading\">\ud83d\ude80 S\u00fcrekli Hukuki Dan\u0131\u015fmanl\u0131k<\/h5><p>\u0130\u015fletmelerin d\u00fczenli hukuki ihtiya\u00e7lar\u0131na y\u00f6nelik s\u00fcrekli hizmetler.<\/p><\/div><\/div><\/div><\/div>","protected":false},"excerpt":{"rendered":"<p>\u2696\ufe0f Hukuki Hizmetler \ud83d\udc68\u200d\ud83d\udc69\u200d\ud83d\udc67 Bo\u015fanma ve Aile Hukuku Bo\u015fanma, velayet, nafaka ve mal [&hellip;]<\/p>\n","protected":false},"author":1,"featured_media":0,"parent":0,"menu_order":0,"comment_status":"closed","ping_status":"closed","template":"","meta":{"footnotes":""},"class_list":["post-19","page","type-page","status-publish","hentry"],"aioseo_notices":[],"_hostinger_reach_plugin_has_subscription_block":false,"_hostinger_reach_plugin_is_elementor":false,"_links":{"self":[{"href":"https:\/\/evrakofisi.com\/index.php?rest_route=\/wp\/v2\/pages\/19","targetHints":{"allow":["GET"]}}],"collection":[{"href":"https:\/\/evrakofisi.com\/index.php?rest_route=\/wp\/v2\/pages"}],"about":[{"href":"https:\/\/evrakofisi.com\/index.php?rest_route=\/wp\/v2\/types\/page"}],"author":[{"embeddable":true,"href":"https:\/\/evrakofisi.com\/index.php?rest_route=\/wp\/v2\/users\/1"}],"replies":[{"embeddable":true,"href":"https:\/\/evrakofisi.com\/index.php?rest_route=%2Fwp%2Fv2%2Fcomments&post=19"}],"version-history":[{"count":6,"href":"https:\/\/evrakofisi.com\/index.php?rest_route=\/wp\/v2\/pages\/19\/revisions"}],"predecessor-version":[{"id":288,"href":"https:\/\/evrakofisi.com\/index.php?rest_route=\/wp\/v2\/pages\/19\/revisions\/288"}],"wp:attachment":[{"href":"https:\/\/evrakofisi.com\/index.php?rest_route=%2Fwp%2Fv2%2Fmedia&parent=19"}],"curies":[{"name":"wp","href":"https:\/\/api.w.org\/{rel}","templated":true}]}}